{"id":11392,"date":"2024-04-24T15:34:26","date_gmt":"2024-04-24T13:34:26","guid":{"rendered":"https:\/\/www.vinsdevouvray.com\/?page_id=11392"},"modified":"2026-03-10T12:31:35","modified_gmt":"2026-03-10T11:31:35","slug":"appellation-vouvray","status":"publish","type":"page","link":"https:\/\/www.vinsdevouvray.com\/en\/appellation-vouvray\/","title":{"rendered":"Appellation Vouvray"},"content":{"rendered":"\t\t<div data-elementor-type=\"wp-page\" data-elementor-id=\"11392\" class=\"elementor elementor-11392 elementor-11391\">\n\t\t\t\t\t\t<div class=\"elementor-inner\">\n\t\t\t\t<div class=\"elementor-section-wrap\">\n\t\t\t\t\t\t\t\t\t<section class=\"elementor-section elementor-top-section elementor-element elementor-element-6c6b68d0 elementor-section-full_width elementor-section-height-full elementor-section-height-default elementor-section-items-middle qodef-elementor-content-no\" data-id=\"6c6b68d0\" data-element_type=\"section\" data-settings=\"{&quot;background_background&quot;:&quot;classic&quot;}\">\n\t\t\t\t\t\t\t<div class=\"elementor-background-overlay\"><\/div>\n\t\t\t\t\t\t\t<div class=\"elementor-container elementor-column-gap-no\">\n\t\t\t\t\t\t\t<div class=\"elementor-row\">\n\t\t\t\t\t<div class=\"elementor-column elementor-col-100 elementor-top-column elementor-element elementor-element-23c6af88\" data-id=\"23c6af88\" data-element_type=\"column\">\n\t\t\t<div class=\"elementor-column-wrap elementor-element-populated\">\n\t\t\t\t\t\t\t<div class=\"elementor-widget-wrap\">\n\t\t\t\t\t\t<div class=\"elementor-element elementor-element-7a3ff53f elementor-widget elementor-widget-heading\" data-id=\"7a3ff53f\" data-element_type=\"widget\" data-widget_type=\"heading.default\">\n\t\t\t\t<div class=\"elementor-widget-container\">\n\t\t\t<style>\/*! elementor - v3.6.8 - 27-07-2022 *\/\n.elementor-heading-title{padding:0;margin:0;line-height:1}.elementor-widget-heading .elementor-heading-title[class*=elementor-size-]>a{color:inherit;font-size:inherit;line-height:inherit}.elementor-widget-heading .elementor-heading-title.elementor-size-small{font-size:15px}.elementor-widget-heading .elementor-heading-title.elementor-size-medium{font-size:19px}.elementor-widget-heading .elementor-heading-title.elementor-size-large{font-size:29px}.elementor-widget-heading .elementor-heading-title.elementor-size-xl{font-size:39px}.elementor-widget-heading .elementor-heading-title.elementor-size-xxl{font-size:59px}<\/style><h1 class=\"elementor-heading-title elementor-size-default\">Vin Vouvray Sec<\/h1>\t\t<\/div>\n\t\t\t\t<\/div>\n\t\t\t\t\t\t<\/div>\n\t\t\t\t\t<\/div>\n\t\t<\/div>\n\t\t\t\t\t\t\t\t<\/div>\n\t\t\t\t\t<\/div>\n\t\t<\/section>\n\t\t\t\t<section class=\"elementor-section elementor-top-section elementor-element elementor-element-8033780 elementor-section-stretched elementor-section-boxed elementor-section-height-default elementor-section-height-default qodef-elementor-content-no\" data-id=\"8033780\" data-element_type=\"section\" data-settings=\"{&quot;stretch_section&quot;:&quot;section-stretched&quot;,&quot;background_background&quot;:&quot;classic&quot;}\">\n\t\t\t\t\t\t<div class=\"elementor-container elementor-column-gap-default\">\n\t\t\t\t\t\t\t<div class=\"elementor-row\">\n\t\t\t\t\t<div class=\"elementor-column elementor-col-50 elementor-top-column elementor-element elementor-element-e6af432\" data-id=\"e6af432\" data-element_type=\"column\">\n\t\t\t<div class=\"elementor-column-wrap elementor-element-populated\">\n\t\t\t\t\t\t\t<div class=\"elementor-widget-wrap\">\n\t\t\t\t\t\t<div class=\"elementor-element elementor-element-6ce4a1b animated-slow elementor-invisible elementor-widget elementor-widget-image\" data-id=\"6ce4a1b\" data-element_type=\"widget\" data-settings=\"{&quot;_animation&quot;:&quot;fadeInLeft&quot;}\" data-widget_type=\"image.default\">\n\t\t\t\t<div class=\"elementor-widget-container\">\n\t\t\t<style>\/*! elementor - v3.6.8 - 27-07-2022 *\/\n.elementor-widget-image{text-align:center}.elementor-widget-image a{display:inline-block}.elementor-widget-image a img[src$=\".svg\"]{width:48px}.elementor-widget-image img{vertical-align:middle;display:inline-block}<\/style>\t\t\t\t\t<div class=\"elementor-image\">\n\t\t\t\t\t\t\t\t\t\t\t\t<img src=\"https:\/\/www.vinsdevouvray.com\/wp-content\/uploads\/elementor\/thumbs\/2017-09-Chateau-de-Valmer-Vue-aerienne-\u00a9Charlys-Drone-4-scaled-r0rfljtvy0wlk7skhmtdz3ya3as2w06pjjqz4j4rde.jpg\" title=\"\" alt=\"\" \/>\t\t\t\t\t\t\t\t\t\t\t\t\t\t<\/div>\n\t\t\t\t\t\t<\/div>\n\t\t\t\t<\/div>\n\t\t\t\t\t\t<\/div>\n\t\t\t\t\t<\/div>\n\t\t<\/div>\n\t\t\t\t<div class=\"elementor-column elementor-col-50 elementor-top-column elementor-element elementor-element-20fc0aa\" data-id=\"20fc0aa\" data-element_type=\"column\">\n\t\t\t<div class=\"elementor-column-wrap elementor-element-populated\">\n\t\t\t\t\t\t\t<div class=\"elementor-widget-wrap\">\n\t\t\t\t\t\t<div class=\"elementor-element elementor-element-abeb0ca elementor-widget elementor-widget-heading\" data-id=\"abeb0ca\" data-element_type=\"widget\" data-widget_type=\"heading.default\">\n\t\t\t\t<div class=\"elementor-widget-container\">\n\t\t\t<h2 class=\"elementor-heading-title elementor-size-default\">The history and heritage of the appellation Vouvray<\/h2>\t\t<\/div>\n\t\t\t\t<\/div>\n\t\t\t\t<div class=\"elementor-element elementor-element-f5463e1 elementor-widget__width-initial elementor-widget elementor-widget-text-editor\" data-id=\"f5463e1\" data-element_type=\"widget\" data-widget_type=\"text-editor.default\">\n\t\t\t\t<div class=\"elementor-widget-container\">\n\t\t\t<style>\/*! elementor - v3.6.8 - 27-07-2022 *\/\n.elementor-widget-text-editor.elementor-drop-cap-view-stacked .elementor-drop-cap{background-color:#818a91;color:#fff}.elementor-widget-text-editor.elementor-drop-cap-view-framed .elementor-drop-cap{color:#818a91;border:3px solid;background-color:transparent}.elementor-widget-text-editor:not(.elementor-drop-cap-view-default) .elementor-drop-cap{margin-top:8px}.elementor-widget-text-editor:not(.elementor-drop-cap-view-default) .elementor-drop-cap-letter{width:1em;height:1em}.elementor-widget-text-editor .elementor-drop-cap{float:left;text-align:center;line-height:1;font-size:50px}.elementor-widget-text-editor .elementor-drop-cap-letter{display:inline-block}<\/style>\t\t\t\t\t<div class=\"elementor-text-editor elementor-clearfix\">\n\t\t\t\t<p><a href=\"https:\/\/www.vinsvaldeloire.fr\/fr\/vin-appellation\/vouvray\">Le Vouvray est une appellation d&#8217;origine contr\u00f4l\u00e9e (AOC)<\/a> reconnue, nich\u00e9e dans la vall\u00e9e de la Loire. Cette r\u00e9gion est c\u00e9l\u00e8bre pour son terroir exceptionnel et son histoire viticole riche, particuli\u00e8rement propice \u00e0 la production du vin Vouvray sec.<\/p><p><strong>Le terroir unique :<\/strong><\/p><ul><li><strong>Sol :<\/strong> Les sols sont principalement compos\u00e9s de tuffeau, une pierre calcaire qui conf\u00e8re aux vins leur min\u00e9ralit\u00e9 distinctive.<\/li><li><strong>Climat :<\/strong> Un climat temp\u00e9r\u00e9 avec des influences continentales et oc\u00e9aniques, id\u00e9al pour le c\u00e9page Chenin Blanc, qui exprime ici toute sa finesse.<\/li><\/ul><p><strong>Un h\u00e9ritage historique :<\/strong><\/p><ul><li><strong>Des origines anciennes :<\/strong> La viticulture \u00e0 Vouvray remonte au 4\u00e8me si\u00e8cle, avec une renomm\u00e9e qui s\u2019est \u00e9tendue au fil des si\u00e8cles.<\/li><li><strong>Innovation et tradition :<\/strong> Une combinaison qui a permis de d\u00e9velopper des techniques viticoles uniques favorisant l&#8217;excellence du Vouvray sec.<\/li><\/ul><p>Plongez dans l&#8217;histoire et d\u00e9couvrez les secrets du vin Vouvray sec en r\u00e9servant un s\u00e9jour inoubliable.<\/p><p>\u00a0<\/p><p>\u00a0<\/p>\t\t\t\t\t<\/div>\n\t\t\t\t\t\t<\/div>\n\t\t\t\t<\/div>\n\t\t\t\t<div class=\"elementor-element elementor-element-2eb7133 elementor-align-center elementor-widget elementor-widget-button\" data-id=\"2eb7133\" data-element_type=\"widget\" data-widget_type=\"button.default\">\n\t\t\t\t<div class=\"elementor-widget-container\">\n\t\t\t\t\t<div class=\"elementor-button-wrapper\">\n\t\t\t<a href=\"https:\/\/www.vinsdevouvray.com\/en\/discovering-best-vouvray-wine\/\" class=\"elementor-button-link elementor-button elementor-size-sm\" role=\"button\">\n\t\t\t\t\t\t<span class=\"elementor-button-content-wrapper\">\n\t\t\t\t\t\t<span class=\"elementor-button-text\">Experience the Vouvray <\/span>\n\t\t<\/span>\n\t\t\t\t\t<\/a>\n\t\t<\/div>\n\t\t\t\t<\/div>\n\t\t\t\t<\/div>\n\t\t\t\t\t\t<\/div>\n\t\t\t\t\t<\/div>\n\t\t<\/div>\n\t\t\t\t\t\t\t\t<\/div>\n\t\t\t\t\t<\/div>\n\t\t<\/section>\n\t\t\t\t<section class=\"elementor-section elementor-top-section elementor-element elementor-element-8e4b63a elementor-section-stretched elementor-reverse-tablet elementor-reverse-mobile elementor-section-boxed elementor-section-height-default elementor-section-height-default qodef-elementor-content-no\" data-id=\"8e4b63a\" data-element_type=\"section\" data-settings=\"{&quot;stretch_section&quot;:&quot;section-stretched&quot;,&quot;background_background&quot;:&quot;classic&quot;}\">\n\t\t\t\t\t\t<div class=\"elementor-container elementor-column-gap-default\">\n\t\t\t\t\t\t\t<div class=\"elementor-row\">\n\t\t\t\t\t<div class=\"elementor-column elementor-col-50 elementor-top-column elementor-element elementor-element-b8b8f8a\" data-id=\"b8b8f8a\" data-element_type=\"column\">\n\t\t\t<div class=\"elementor-column-wrap elementor-element-populated\">\n\t\t\t\t\t\t\t<div class=\"elementor-widget-wrap\">\n\t\t\t\t\t\t<div class=\"elementor-element elementor-element-2165c77 elementor-widget elementor-widget-heading\" data-id=\"2165c77\" data-element_type=\"widget\" data-widget_type=\"heading.default\">\n\t\t\t\t<div class=\"elementor-widget-container\">\n\t\t\t<h2 class=\"elementor-heading-title elementor-size-default\">A symbol of hope in wartime history<\/h2>\t\t<\/div>\n\t\t\t\t<\/div>\n\t\t\t\t<div class=\"elementor-element elementor-element-ae8a533 elementor-widget__width-initial elementor-widget elementor-widget-text-editor\" data-id=\"ae8a533\" data-element_type=\"widget\" data-widget_type=\"text-editor.default\">\n\t\t\t\t<div class=\"elementor-widget-container\">\n\t\t\t\t\t\t\t\t<div class=\"elementor-text-editor elementor-clearfix\">\n\t\t\t\t<p>The legacy of the <strong>appellation Vouvray<\/strong> is more than just exceptional wine it also carries emotional and historical significance. During World War II, Gaston Huet, a renowned winemaker from Vouvray, was taken as a prisoner of war. In captivity, he found solace and strength by talking about wine with fellow imprisoned winemakers. Despite the grim conditions, they kept their spirits alive by remembering the vineyards, the harvests, and the community they loved.<\/p><p>Gaston Huet even went as far as to organize a <strong>wine-themed party<\/strong> for the prisoners, a symbolic act that turned thoughts of <strong>Vouvray<\/strong> into a beacon of hope and identity. This incredible story illustrates how deeply wine can be woven into the soul of a region, becoming a source of resilience and pride.<\/p><p>Key takeaways from this legacy:<\/p><ul><li><strong>Gaston Huet\u2019s courage<\/strong> linked wine to memory and hope<\/li><li><strong>Appellation Vouvray<\/strong> remained a symbol of cultural identity, even in times of war<\/li><li>The tradition of storytelling and wine appreciation is still alive today<\/li><\/ul><p>This emotional chapter adds a deeply human layer to the wines of <strong>Vouvray<\/strong>, making every glass not only a sensory experience, but a tribute to history.<\/p>\t\t\t\t\t<\/div>\n\t\t\t\t\t\t<\/div>\n\t\t\t\t<\/div>\n\t\t\t\t<div class=\"elementor-element elementor-element-abf93a5 elementor-align-center elementor-widget elementor-widget-button\" data-id=\"abf93a5\" data-element_type=\"widget\" data-widget_type=\"button.default\">\n\t\t\t\t<div class=\"elementor-widget-container\">\n\t\t\t\t\t<div class=\"elementor-button-wrapper\">\n\t\t\t<a href=\"https:\/\/www.vinsdevouvray.com\/en\/our-terroir-chenin-wine\/\" class=\"elementor-button-link elementor-button elementor-size-sm\" role=\"button\">\n\t\t\t\t\t\t<span class=\"elementor-button-content-wrapper\">\n\t\t\t\t\t\t<span class=\"elementor-button-text\">Discover the history <\/span>\n\t\t<\/span>\n\t\t\t\t\t<\/a>\n\t\t<\/div>\n\t\t\t\t<\/div>\n\t\t\t\t<\/div>\n\t\t\t\t\t\t<\/div>\n\t\t\t\t\t<\/div>\n\t\t<\/div>\n\t\t\t\t<div class=\"elementor-column elementor-col-50 elementor-top-column elementor-element elementor-element-d9e50b8\" data-id=\"d9e50b8\" data-element_type=\"column\">\n\t\t\t<div class=\"elementor-column-wrap elementor-element-populated\">\n\t\t\t\t\t\t\t<div class=\"elementor-widget-wrap\">\n\t\t\t\t\t\t<div class=\"elementor-element elementor-element-c2b1450 animated-slow elementor-invisible elementor-widget elementor-widget-image\" data-id=\"c2b1450\" data-element_type=\"widget\" data-settings=\"{&quot;_animation&quot;:&quot;fadeInRight&quot;}\" data-widget_type=\"image.default\">\n\t\t\t\t<div class=\"elementor-widget-container\">\n\t\t\t\t\t\t\t\t<div class=\"elementor-image\">\n\t\t\t\t\t\t\t\t\t\t\t\t<img src=\"https:\/\/www.vinsdevouvray.com\/wp-content\/uploads\/elementor\/thumbs\/wine-2464116_1920-r0rflzt567ih1l5cwbq1nhx46ulbiuy59qu8a8h2fm.jpg\" title=\"\" alt=\"\" \/>\t\t\t\t\t\t\t\t\t\t\t\t\t\t<\/div>\n\t\t\t\t\t\t<\/div>\n\t\t\t\t<\/div>\n\t\t\t\t\t\t<\/div>\n\t\t\t\t\t<\/div>\n\t\t<\/div>\n\t\t\t\t\t\t\t\t<\/div>\n\t\t\t\t\t<\/div>\n\t\t<\/section>\n\t\t\t\t<section class=\"elementor-section elementor-top-section elementor-element elementor-element-3e5a17d elementor-section-stretched elementor-section-boxed elementor-section-height-default elementor-section-height-default qodef-elementor-content-no\" data-id=\"3e5a17d\" data-element_type=\"section\" data-settings=\"{&quot;stretch_section&quot;:&quot;section-stretched&quot;,&quot;background_background&quot;:&quot;classic&quot;}\">\n\t\t\t\t\t\t<div class=\"elementor-container elementor-column-gap-default\">\n\t\t\t\t\t\t\t<div class=\"elementor-row\">\n\t\t\t\t\t<div class=\"elementor-column elementor-col-50 elementor-top-column elementor-element elementor-element-a5f4546\" data-id=\"a5f4546\" data-element_type=\"column\">\n\t\t\t<div class=\"elementor-column-wrap elementor-element-populated\">\n\t\t\t\t\t\t\t<div class=\"elementor-widget-wrap\">\n\t\t\t\t\t\t<div class=\"elementor-element elementor-element-dc91168 animated-slow elementor-invisible elementor-widget elementor-widget-image\" data-id=\"dc91168\" data-element_type=\"widget\" data-settings=\"{&quot;_animation&quot;:&quot;fadeInLeft&quot;}\" data-widget_type=\"image.default\">\n\t\t\t\t<div class=\"elementor-widget-container\">\n\t\t\t\t\t\t\t\t<div class=\"elementor-image\">\n\t\t\t\t\t\t\t\t\t\t\t\t<img src=\"https:\/\/www.vinsdevouvray.com\/wp-content\/uploads\/elementor\/thumbs\/IMG_20200912_100941-scaled-r0rflt89ud9gsbewyqvno1kw15hr0z80wu9txaqtn6.jpg\" title=\"\" alt=\"\u2022 Vue sur les personnes qui font la r\u00e9colte - Vins de Vouvray, Tarifs - Syndicat des Vins de Vouvray\" \/>\t\t\t\t\t\t\t\t\t\t\t\t\t\t<\/div>\n\t\t\t\t\t\t<\/div>\n\t\t\t\t<\/div>\n\t\t\t\t\t\t<\/div>\n\t\t\t\t\t<\/div>\n\t\t<\/div>\n\t\t\t\t<div class=\"elementor-column elementor-col-50 elementor-top-column elementor-element elementor-element-04b900f\" data-id=\"04b900f\" data-element_type=\"column\">\n\t\t\t<div class=\"elementor-column-wrap elementor-element-populated\">\n\t\t\t\t\t\t\t<div class=\"elementor-widget-wrap\">\n\t\t\t\t\t\t<div class=\"elementor-element elementor-element-d6eb241 elementor-widget elementor-widget-heading\" data-id=\"d6eb241\" data-element_type=\"widget\" data-widget_type=\"heading.default\">\n\t\t\t\t<div class=\"elementor-widget-container\">\n\t\t\t<h2 class=\"elementor-heading-title elementor-size-default\">The soul of the appellation Vouvray<\/h2>\t\t<\/div>\n\t\t\t\t<\/div>\n\t\t\t\t<div class=\"elementor-element elementor-element-483e373 elementor-widget__width-initial elementor-widget elementor-widget-text-editor\" data-id=\"483e373\" data-element_type=\"widget\" data-widget_type=\"text-editor.default\">\n\t\t\t\t<div class=\"elementor-widget-container\">\n\t\t\t\t\t\t\t\t<div class=\"elementor-text-editor elementor-clearfix\">\n\t\t\t\t<p>At the core of the <strong>appellation Vouvray<\/strong> lies a single grape variety with endless potential: <strong>Chenin Blanc<\/strong>. As detailed by Les Grappes, this white grape is renowned for its finesse, acidity, and adaptability. It thrives in the clay-limestone soils of Vouvray, producing wines that are as complex as they are delightful.<\/p><p>Chenin Blanc is the reason why the <strong>Vouvray<\/strong> can offer such a diverse range of styles. Whether vinified dry, sweet, or sparkling, this grape brings structure, aging potential, and expressive aromas to each bottle. Its high acidity is the secret to its longevity and freshness.<\/p><p>Highlights of Chenin Blanc in <strong>Vouvray<\/strong> wines:<\/p><ul><li><strong>High acidity<\/strong> = long aging potential<\/li><li><strong>Thin skin<\/strong> = delicate yet aromatic wines<\/li><li><strong>Terroir expression<\/strong> = each parcel imparts unique mineral and floral notes<\/li><li><strong>Versatility<\/strong> = produces still and sparkling wines with equal excellence<\/li><\/ul><p>Chenin Blanc is not just a grape it\u2019s the beating heart of the <strong>Appellation Vouvray<\/strong>, and the reason why this region has earned its place among the world\u2019s top white wine appellations.<\/p>\t\t\t\t\t<\/div>\n\t\t\t\t\t\t<\/div>\n\t\t\t\t<\/div>\n\t\t\t\t\t\t<\/div>\n\t\t\t\t\t<\/div>\n\t\t<\/div>\n\t\t\t\t\t\t\t\t<\/div>\n\t\t\t\t\t<\/div>\n\t\t<\/section>\n\t\t\t\t\t\t\t\t\t<\/div>\n\t\t\t<\/div>\n\t\t\t\t\t<\/div>\n\t\t","protected":false},"excerpt":{"rendered":"<p>Vin Vouvray Sec The history and heritage of the appellation Vouvray Le Vouvray est une appellation d&#8217;origine contr\u00f4l\u00e9e (AOC) reconnue, nich\u00e9e dans la vall\u00e9e de la Loire. Cette r\u00e9gion est c\u00e9l\u00e8bre pour son terroir exceptionnel et son histoire viticole riche, particuli\u00e8rement propice \u00e0 la production du vin Vouvray sec. Le terroir unique : Sol : [&hellip;]<\/p>\n","protected":false},"author":1,"featured_media":0,"parent":0,"menu_order":126,"comment_status":"closed","ping_status":"closed","template":"","meta":[],"acf":[],"yoast_head":"<!-- This site is optimized with the Yoast SEO plugin v19.4 - https:\/\/yoast.com\/wordpress\/plugins\/seo\/ -->\n<title>~ Appellation Vouvrat, Tarifs | Syndicate of Vouvray Vignerons<\/title>\n<meta name=\"description\" content=\"Official Website \u2705 Discover the Appellation Vouvray: world-class Chenin Blanc wines, rich heritage, and exceptional terroir in the Loire Valley, France.\" \/>\n<meta name=\"robots\" content=\"index, follow, max-snippet:-1, max-image-preview:large, max-video-preview:-1\" \/>\n<link rel=\"canonical\" href=\"https:\/\/www.vinsdevouvray.com\/en\/appellation-vouvray\/\" \/>\n<meta property=\"og:locale\" content=\"en_US\" \/>\n<meta property=\"og:type\" content=\"article\" \/>\n<meta property=\"og:title\" content=\"~ Appellation Vouvrat, Tarifs | Syndicate of Vouvray Vignerons\" \/>\n<meta property=\"og:description\" content=\"Official Website \u2705 Discover the Appellation Vouvray: world-class Chenin Blanc wines, rich heritage, and exceptional terroir in the Loire Valley, France.\" \/>\n<meta property=\"og:url\" content=\"https:\/\/www.vinsdevouvray.com\/en\/appellation-vouvray\/\" \/>\n<meta property=\"og:site_name\" content=\"Vins de Vouvray\" \/>\n<meta property=\"article:publisher\" content=\"https:\/\/fr-fr.facebook.com\/CepageCheninBlanc\/\" \/>\n<meta property=\"article:modified_time\" content=\"2026-03-10T11:31:35+00:00\" \/>\n<meta property=\"og:image\" content=\"https:\/\/www.vinsdevouvray.com\/wp-content\/uploads\/elementor\/thumbs\/wine-2464116_1920-r0rflzt567ih1l5cwbq1nhx46ulbiuy59qu8a8h2fm.jpg\" \/>\n<meta name=\"twitter:card\" content=\"summary_large_image\" \/>\n<meta name=\"twitter:label1\" content=\"Est. reading time\" \/>\n\t<meta name=\"twitter:data1\" content=\"3 minutes\" \/>\n<script type=\"application\/ld+json\" class=\"yoast-schema-graph\">{\"@context\":\"https:\/\/schema.org\",\"@graph\":[{\"@type\":\"Organization\",\"@id\":\"https:\/\/www.vinsdevouvray.com\/#organization\",\"name\":\"Vins de Vouvray\",\"url\":\"https:\/\/www.vinsdevouvray.com\/\",\"sameAs\":[\"https:\/\/www.instagram.com\/vinsdevouvray_officiel\/?hl=fr\",\"https:\/\/fr-fr.facebook.com\/CepageCheninBlanc\/\"],\"logo\":{\"@type\":\"ImageObject\",\"inLanguage\":\"en-US\",\"@id\":\"https:\/\/www.vinsdevouvray.com\/#\/schema\/logo\/image\/\",\"url\":\"https:\/\/www.vinsdevouvray.com\/wp-content\/uploads\/2022\/06\/logo-vouvray-gold-white-300x87-1.png\",\"contentUrl\":\"https:\/\/www.vinsdevouvray.com\/wp-content\/uploads\/2022\/06\/logo-vouvray-gold-white-300x87-1.png\",\"width\":300,\"height\":87,\"caption\":\"Vins de Vouvray\"},\"image\":{\"@id\":\"https:\/\/www.vinsdevouvray.com\/#\/schema\/logo\/image\/\"}},{\"@type\":\"WebSite\",\"@id\":\"https:\/\/www.vinsdevouvray.com\/#website\",\"url\":\"https:\/\/www.vinsdevouvray.com\/\",\"name\":\"Vins de Vouvray\",\"description\":\"AOC Vouvray\",\"publisher\":{\"@id\":\"https:\/\/www.vinsdevouvray.com\/#organization\"},\"potentialAction\":[{\"@type\":\"SearchAction\",\"target\":{\"@type\":\"EntryPoint\",\"urlTemplate\":\"https:\/\/www.vinsdevouvray.com\/?s={search_term_string}\"},\"query-input\":\"required name=search_term_string\"}],\"inLanguage\":\"en-US\"},{\"@type\":\"WebPage\",\"@id\":\"https:\/\/www.vinsdevouvray.com\/en\/appellation-vouvray\/\",\"url\":\"https:\/\/www.vinsdevouvray.com\/en\/appellation-vouvray\/\",\"name\":\"~ Appellation Vouvrat, Tarifs | Syndicate of Vouvray Vignerons\",\"isPartOf\":{\"@id\":\"https:\/\/www.vinsdevouvray.com\/#website\"},\"datePublished\":\"2024-04-24T13:34:26+00:00\",\"dateModified\":\"2026-03-10T11:31:35+00:00\",\"description\":\"Official Website \u2705 Discover the Appellation Vouvray: world-class Chenin Blanc wines, rich heritage, and exceptional terroir in the Loire Valley, France.\",\"breadcrumb\":{\"@id\":\"https:\/\/www.vinsdevouvray.com\/en\/appellation-vouvray\/#breadcrumb\"},\"inLanguage\":\"en-US\",\"potentialAction\":[{\"@type\":\"ReadAction\",\"target\":[\"https:\/\/www.vinsdevouvray.com\/en\/appellation-vouvray\/\"]}]},{\"@type\":\"BreadcrumbList\",\"@id\":\"https:\/\/www.vinsdevouvray.com\/en\/appellation-vouvray\/#breadcrumb\",\"itemListElement\":[{\"@type\":\"ListItem\",\"position\":1,\"name\":\"Accueil\",\"item\":\"https:\/\/www.vinsdevouvray.com\/en\/\"},{\"@type\":\"ListItem\",\"position\":2,\"name\":\"Appellation Vouvray\"}]}]}<\/script>\n<!-- \/ Yoast SEO plugin. -->","yoast_head_json":{"title":"~ Appellation Vouvrat, Tarifs | Syndicate of Vouvray Vignerons","description":"Official Website \u2705 Discover the Appellation Vouvray: world-class Chenin Blanc wines, rich heritage, and exceptional terroir in the Loire Valley, France.","robots":{"index":"index","follow":"follow","max-snippet":"max-snippet:-1","max-image-preview":"max-image-preview:large","max-video-preview":"max-video-preview:-1"},"canonical":"https:\/\/www.vinsdevouvray.com\/en\/appellation-vouvray\/","og_locale":"en_US","og_type":"article","og_title":"~ Appellation Vouvrat, Tarifs | Syndicate of Vouvray Vignerons","og_description":"Official Website \u2705 Discover the Appellation Vouvray: world-class Chenin Blanc wines, rich heritage, and exceptional terroir in the Loire Valley, France.","og_url":"https:\/\/www.vinsdevouvray.com\/en\/appellation-vouvray\/","og_site_name":"Vins de Vouvray","article_publisher":"https:\/\/fr-fr.facebook.com\/CepageCheninBlanc\/","article_modified_time":"2026-03-10T11:31:35+00:00","og_image":[{"url":"https:\/\/www.vinsdevouvray.com\/wp-content\/uploads\/elementor\/thumbs\/wine-2464116_1920-r0rflzt567ih1l5cwbq1nhx46ulbiuy59qu8a8h2fm.jpg"}],"twitter_card":"summary_large_image","twitter_misc":{"Est. reading time":"3 minutes"},"schema":{"@context":"https:\/\/schema.org","@graph":[{"@type":"Organization","@id":"https:\/\/www.vinsdevouvray.com\/#organization","name":"Vins de Vouvray","url":"https:\/\/www.vinsdevouvray.com\/","sameAs":["https:\/\/www.instagram.com\/vinsdevouvray_officiel\/?hl=fr","https:\/\/fr-fr.facebook.com\/CepageCheninBlanc\/"],"logo":{"@type":"ImageObject","inLanguage":"en-US","@id":"https:\/\/www.vinsdevouvray.com\/#\/schema\/logo\/image\/","url":"https:\/\/www.vinsdevouvray.com\/wp-content\/uploads\/2022\/06\/logo-vouvray-gold-white-300x87-1.png","contentUrl":"https:\/\/www.vinsdevouvray.com\/wp-content\/uploads\/2022\/06\/logo-vouvray-gold-white-300x87-1.png","width":300,"height":87,"caption":"Vins de Vouvray"},"image":{"@id":"https:\/\/www.vinsdevouvray.com\/#\/schema\/logo\/image\/"}},{"@type":"WebSite","@id":"https:\/\/www.vinsdevouvray.com\/#website","url":"https:\/\/www.vinsdevouvray.com\/","name":"Vins de Vouvray","description":"AOC Vouvray","publisher":{"@id":"https:\/\/www.vinsdevouvray.com\/#organization"},"potentialAction":[{"@type":"SearchAction","target":{"@type":"EntryPoint","urlTemplate":"https:\/\/www.vinsdevouvray.com\/?s={search_term_string}"},"query-input":"required name=search_term_string"}],"inLanguage":"en-US"},{"@type":"WebPage","@id":"https:\/\/www.vinsdevouvray.com\/en\/appellation-vouvray\/","url":"https:\/\/www.vinsdevouvray.com\/en\/appellation-vouvray\/","name":"~ Appellation Vouvrat, Tarifs | Syndicate of Vouvray Vignerons","isPartOf":{"@id":"https:\/\/www.vinsdevouvray.com\/#website"},"datePublished":"2024-04-24T13:34:26+00:00","dateModified":"2026-03-10T11:31:35+00:00","description":"Official Website \u2705 Discover the Appellation Vouvray: world-class Chenin Blanc wines, rich heritage, and exceptional terroir in the Loire Valley, France.","breadcrumb":{"@id":"https:\/\/www.vinsdevouvray.com\/en\/appellation-vouvray\/#breadcrumb"},"inLanguage":"en-US","potentialAction":[{"@type":"ReadAction","target":["https:\/\/www.vinsdevouvray.com\/en\/appellation-vouvray\/"]}]},{"@type":"BreadcrumbList","@id":"https:\/\/www.vinsdevouvray.com\/en\/appellation-vouvray\/#breadcrumb","itemListElement":[{"@type":"ListItem","position":1,"name":"Accueil","item":"https:\/\/www.vinsdevouvray.com\/en\/"},{"@type":"ListItem","position":2,"name":"Appellation Vouvray"}]}]}},"_links":{"self":[{"href":"https:\/\/www.vinsdevouvray.com\/en\/wp-json\/wp\/v2\/pages\/11392"}],"collection":[{"href":"https:\/\/www.vinsdevouvray.com\/en\/wp-json\/wp\/v2\/pages"}],"about":[{"href":"https:\/\/www.vinsdevouvray.com\/en\/wp-json\/wp\/v2\/types\/page"}],"author":[{"embeddable":true,"href":"https:\/\/www.vinsdevouvray.com\/en\/wp-json\/wp\/v2\/users\/1"}],"replies":[{"embeddable":true,"href":"https:\/\/www.vinsdevouvray.com\/en\/wp-json\/wp\/v2\/comments?post=11392"}],"version-history":[{"count":10,"href":"https:\/\/www.vinsdevouvray.com\/en\/wp-json\/wp\/v2\/pages\/11392\/revisions"}],"predecessor-version":[{"id":13664,"href":"https:\/\/www.vinsdevouvray.com\/en\/wp-json\/wp\/v2\/pages\/11392\/revisions\/13664"}],"wp:attachment":[{"href":"https:\/\/www.vinsdevouvray.com\/en\/wp-json\/wp\/v2\/media?parent=11392"}],"curies":[{"name":"wp","href":"https:\/\/api.w.org\/{rel}","templated":true}]}}