{"id":7745,"date":"2020-10-02T14:26:04","date_gmt":"2020-10-02T12:26:04","guid":{"rendered":"https:\/\/www.vinsdevouvray.com\/contact\/"},"modified":"2025-02-20T15:17:43","modified_gmt":"2025-02-20T14:17:43","slug":"contact-vins-de-vouvray","status":"publish","type":"page","link":"https:\/\/www.vinsdevouvray.com\/en\/contact-vins-de-vouvray\/","title":{"rendered":"Contact"},"content":{"rendered":"\t\t<div data-elementor-type=\"wp-page\" data-elementor-id=\"7745\" class=\"elementor elementor-7745 elementor-343\">\n\t\t\t\t\t\t<div class=\"elementor-inner\">\n\t\t\t\t<div class=\"elementor-section-wrap\">\n\t\t\t\t\t\t\t\t\t<section class=\"elementor-section elementor-top-section elementor-element elementor-element-18743f29 elementor-section-full_width elementor-section-height-full elementor-section-height-default elementor-section-items-middle qodef-elementor-content-no\" data-id=\"18743f29\" data-element_type=\"section\" data-settings=\"{&quot;background_background&quot;:&quot;classic&quot;}\">\n\t\t\t\t\t\t\t<div class=\"elementor-background-overlay\"><\/div>\n\t\t\t\t\t\t\t<div class=\"elementor-container elementor-column-gap-no\">\n\t\t\t\t\t\t\t<div class=\"elementor-row\">\n\t\t\t\t\t<div class=\"elementor-column elementor-col-100 elementor-top-column elementor-element elementor-element-7d91849a\" data-id=\"7d91849a\" data-element_type=\"column\">\n\t\t\t<div class=\"elementor-column-wrap elementor-element-populated\">\n\t\t\t\t\t\t\t<div class=\"elementor-widget-wrap\">\n\t\t\t\t\t\t<div class=\"elementor-element elementor-element-5532ef95 elementor-widget elementor-widget-heading\" data-id=\"5532ef95\" data-element_type=\"widget\" data-widget_type=\"heading.default\">\n\t\t\t\t<div class=\"elementor-widget-container\">\n\t\t\t<style>\/*! elementor - v3.6.8 - 27-07-2022 *\/\n.elementor-heading-title{padding:0;margin:0;line-height:1}.elementor-widget-heading .elementor-heading-title[class*=elementor-size-]>a{color:inherit;font-size:inherit;line-height:inherit}.elementor-widget-heading .elementor-heading-title.elementor-size-small{font-size:15px}.elementor-widget-heading .elementor-heading-title.elementor-size-medium{font-size:19px}.elementor-widget-heading .elementor-heading-title.elementor-size-large{font-size:29px}.elementor-widget-heading .elementor-heading-title.elementor-size-xl{font-size:39px}.elementor-widget-heading .elementor-heading-title.elementor-size-xxl{font-size:59px}<\/style><h1 class=\"elementor-heading-title elementor-size-default\">Vouvray wines \n<\/h1>\t\t<\/div>\n\t\t\t\t<\/div>\n\t\t\t\t\t\t<\/div>\n\t\t\t\t\t<\/div>\n\t\t<\/div>\n\t\t\t\t\t\t\t\t<\/div>\n\t\t\t\t\t<\/div>\n\t\t<\/section>\n\t\t\t\t<section class=\"elementor-section elementor-top-section elementor-element elementor-element-8db1b3e elementor-section-boxed elementor-section-height-default elementor-section-height-default qodef-elementor-content-no\" data-id=\"8db1b3e\" data-element_type=\"section\">\n\t\t\t\t\t\t<div class=\"elementor-container elementor-column-gap-default\">\n\t\t\t\t\t\t\t<div class=\"elementor-row\">\n\t\t\t\t\t<div class=\"elementor-column elementor-col-100 elementor-top-column elementor-element elementor-element-dd0a531\" data-id=\"dd0a531\" data-element_type=\"column\">\n\t\t\t<div class=\"elementor-column-wrap elementor-element-populated\">\n\t\t\t\t\t\t\t<div class=\"elementor-widget-wrap\">\n\t\t\t\t\t\t<div class=\"elementor-element elementor-element-78d1e86 elementor-widget elementor-widget-qi_addons_for_elementor_contact_form_7\" data-id=\"78d1e86\" data-element_type=\"widget\" data-widget_type=\"qi_addons_for_elementor_contact_form_7.default\">\n\t\t\t\t<div class=\"elementor-widget-container\">\n\t\t\t<div class=\"qodef-shortcode qodef-m qodef-qi-contact-form-7\">\n\t<div role=\"form\" class=\"wpcf7\" id=\"wpcf7-f3937-o1\" lang=\"fr-FR\" dir=\"ltr\">\n<div class=\"screen-reader-response\"><p role=\"status\" aria-live=\"polite\" aria-atomic=\"true\"><\/p> <ul><\/ul><\/div>\n<form action=\"\/en\/wp-json\/wp\/v2\/pages\/7745#wpcf7-f3937-o1\" method=\"post\" class=\"wpcf7-form init\" novalidate=\"novalidate\" data-status=\"init\">\n<div style=\"display: none;\">\n<input type=\"hidden\" name=\"_wpcf7\" value=\"3937\" \/>\n<input type=\"hidden\" name=\"_wpcf7_version\" value=\"5.6.1\" \/>\n<input type=\"hidden\" name=\"_wpcf7_locale\" value=\"fr_FR\" \/>\n<input type=\"hidden\" name=\"_wpcf7_unit_tag\" value=\"wpcf7-f3937-o1\" \/>\n<input type=\"hidden\" name=\"_wpcf7_container_post\" value=\"0\" \/>\n<input type=\"hidden\" name=\"_wpcf7_posted_data_hash\" value=\"\" \/>\n<input type=\"hidden\" name=\"_wpcf7_recaptcha_response\" value=\"\" \/>\n<\/div>\n<div class=\"contact-form\"><span class=\"wpcf7-form-control-wrap\" data-name=\"Nom\"><input type=\"text\" name=\"Nom\" value=\"\" size=\"40\" class=\"wpcf7-form-control wpcf7-text wpcf7-validates-as-required input-half text\" id=\"nom\" aria-required=\"true\" aria-invalid=\"false\" placeholder=\"Nom\" \/><\/span><span class=\"wpcf7-form-control-wrap\" data-name=\"Prenom\"><input type=\"text\" name=\"Prenom\" value=\"\" size=\"40\" class=\"wpcf7-form-control wpcf7-text wpcf7-validates-as-required input-half text\" id=\"prenom\" aria-required=\"true\" aria-invalid=\"false\" placeholder=\"Pr\u00e9nom\" \/><\/span><span class=\"wpcf7-form-control-wrap\" data-name=\"Email\"><input type=\"email\" name=\"Email\" value=\"\" size=\"40\" class=\"wpcf7-form-control wpcf7-text wpcf7-email wpcf7-validates-as-required wpcf7-validates-as-email input-half text\" id=\"email\" aria-required=\"true\" aria-invalid=\"false\" placeholder=\"Email\" \/><\/span><span class=\"wpcf7-form-control-wrap\" data-name=\"Telephone\"><input type=\"tel\" name=\"Telephone\" value=\"\" size=\"40\" class=\"wpcf7-form-control wpcf7-text wpcf7-tel wpcf7-validates-as-required wpcf7-validates-as-tel input-half text\" id=\"telephone\" aria-required=\"true\" aria-invalid=\"false\" placeholder=\"T\u00e9l\u00e9phone\" \/><\/span><span class=\"wpcf7-form-control-wrap\" data-name=\"Message\"><textarea name=\"Message\" cols=\"40\" rows=\"10\" class=\"wpcf7-form-control wpcf7-textarea wpcf7-validates-as-required input-fullwidth text\" id=\"message\" aria-required=\"true\" aria-invalid=\"false\" placeholder=\"Message\"><\/textarea><\/span><div class=\"contact-form-accept\"><span class=\"wpcf7-form-control-wrap\" data-name=\"acceptation\"><span class=\"wpcf7-form-control wpcf7-acceptance\"><span class=\"wpcf7-list-item\"><label><input type=\"checkbox\" name=\"acceptation\" value=\"1\" aria-invalid=\"false\" id=\"acceptation\" \/><span class=\"wpcf7-list-item-label\">J'accepte l'utilisation de mes donn\u00e9es conform\u00e9ment aux CGU et \u00e0 la Politique de Confidentialit\u00e9.*<\/span><\/label><\/span><\/span><\/span><\/div><input type=\"submit\" value=\"Envoyer\" class=\"wpcf7-form-control has-spinner wpcf7-submit btn btn-color\" id=\"send\" \/><\/div><p style=\"display: none !important;\" class=\"akismet-fields-container\" data-prefix=\"_wpcf7_ak_\"><label>&#916;<textarea name=\"_wpcf7_ak_hp_textarea\" cols=\"45\" rows=\"8\" maxlength=\"100\"><\/textarea><\/label><input type=\"hidden\" id=\"ak_js_1\" name=\"_wpcf7_ak_js\" value=\"211\"\/><script>document.getElementById( \"ak_js_1\" ).setAttribute( \"value\", ( new Date() ).getTime() );<\/script><\/p><div class=\"wpcf7-response-output\" aria-hidden=\"true\"><\/div><\/form><\/div><\/div>\n\t\t<\/div>\n\t\t\t\t<\/div>\n\t\t\t\t\t\t<\/div>\n\t\t\t\t\t<\/div>\n\t\t<\/div>\n\t\t\t\t\t\t\t\t<\/div>\n\t\t\t\t\t<\/div>\n\t\t<\/section>\n\t\t\t\t\t\t\t\t\t<\/div>\n\t\t\t<\/div>\n\t\t\t\t\t<\/div>\n\t\t","protected":false},"excerpt":{"rendered":"<p>Contact Vouvray wines J&#8217;accepte l&#8217;utilisation de mes donn\u00e9es conform\u00e9ment aux CGU et \u00e0 la Politique de Confidentialit\u00e9.* &#916;<\/p>\n","protected":false},"author":1,"featured_media":0,"parent":0,"menu_order":133,"comment_status":"closed","ping_status":"closed","template":"","meta":[],"acf":[],"yoast_head":"<!-- This site is optimized with the Yoast SEO plugin v19.4 - https:\/\/yoast.com\/wordpress\/plugins\/seo\/ -->\n<title>~ Contact | Vins de Vouvray | Syndicate of Vouvray Vignerons<\/title>\n<meta name=\"description\" content=\"Official website \u2705 If you have any questions about the Vins de Vouvray, please do not hesitate to contact us. Our winegrowers&#039; union is at your disposal.\" \/>\n<meta name=\"robots\" content=\"index, follow, max-snippet:-1, max-image-preview:large, max-video-preview:-1\" \/>\n<link rel=\"canonical\" href=\"https:\/\/www.vinsdevouvray.com\/en\/contact-vins-de-vouvray\/\" \/>\n<meta property=\"og:locale\" content=\"en_US\" \/>\n<meta property=\"og:type\" content=\"article\" \/>\n<meta property=\"og:title\" content=\"~ Contact | Vins de Vouvray | Syndicate of Vouvray Vignerons\" \/>\n<meta property=\"og:description\" content=\"Official website \u2705 If you have any questions about the Vins de Vouvray, please do not hesitate to contact us. Our winegrowers&#039; union is at your disposal.\" \/>\n<meta property=\"og:url\" content=\"https:\/\/www.vinsdevouvray.com\/en\/contact-vins-de-vouvray\/\" \/>\n<meta property=\"og:site_name\" content=\"Vins de Vouvray\" \/>\n<meta property=\"article:publisher\" content=\"https:\/\/fr-fr.facebook.com\/CepageCheninBlanc\/\" \/>\n<meta property=\"article:modified_time\" content=\"2025-02-20T14:17:43+00:00\" \/>\n<meta name=\"twitter:card\" content=\"summary_large_image\" \/>\n<meta name=\"twitter:label1\" content=\"Est. reading time\" \/>\n\t<meta name=\"twitter:data1\" content=\"1 minute\" \/>\n<script type=\"application\/ld+json\" class=\"yoast-schema-graph\">{\"@context\":\"https:\/\/schema.org\",\"@graph\":[{\"@type\":\"Organization\",\"@id\":\"https:\/\/www.vinsdevouvray.com\/#organization\",\"name\":\"Vins de Vouvray\",\"url\":\"https:\/\/www.vinsdevouvray.com\/\",\"sameAs\":[\"https:\/\/www.instagram.com\/vinsdevouvray_officiel\/?hl=fr\",\"https:\/\/fr-fr.facebook.com\/CepageCheninBlanc\/\"],\"logo\":{\"@type\":\"ImageObject\",\"inLanguage\":\"en-US\",\"@id\":\"https:\/\/www.vinsdevouvray.com\/#\/schema\/logo\/image\/\",\"url\":\"https:\/\/www.vinsdevouvray.com\/wp-content\/uploads\/2022\/06\/logo-vouvray-gold-white-300x87-1.png\",\"contentUrl\":\"https:\/\/www.vinsdevouvray.com\/wp-content\/uploads\/2022\/06\/logo-vouvray-gold-white-300x87-1.png\",\"width\":300,\"height\":87,\"caption\":\"Vins de Vouvray\"},\"image\":{\"@id\":\"https:\/\/www.vinsdevouvray.com\/#\/schema\/logo\/image\/\"}},{\"@type\":\"WebSite\",\"@id\":\"https:\/\/www.vinsdevouvray.com\/#website\",\"url\":\"https:\/\/www.vinsdevouvray.com\/\",\"name\":\"Vins de Vouvray\",\"description\":\"AOC Vouvray\",\"publisher\":{\"@id\":\"https:\/\/www.vinsdevouvray.com\/#organization\"},\"potentialAction\":[{\"@type\":\"SearchAction\",\"target\":{\"@type\":\"EntryPoint\",\"urlTemplate\":\"https:\/\/www.vinsdevouvray.com\/?s={search_term_string}\"},\"query-input\":\"required name=search_term_string\"}],\"inLanguage\":\"en-US\"},{\"@type\":\"WebPage\",\"@id\":\"https:\/\/www.vinsdevouvray.com\/en\/contact-vins-de-vouvray\/\",\"url\":\"https:\/\/www.vinsdevouvray.com\/en\/contact-vins-de-vouvray\/\",\"name\":\"~ Contact | Vins de Vouvray | Syndicate of Vouvray Vignerons\",\"isPartOf\":{\"@id\":\"https:\/\/www.vinsdevouvray.com\/#website\"},\"datePublished\":\"2020-10-02T12:26:04+00:00\",\"dateModified\":\"2025-02-20T14:17:43+00:00\",\"description\":\"Official website \u2705 If you have any questions about the Vins de Vouvray, please do not hesitate to contact us. Our winegrowers' union is at your disposal.\",\"breadcrumb\":{\"@id\":\"https:\/\/www.vinsdevouvray.com\/en\/contact-vins-de-vouvray\/#breadcrumb\"},\"inLanguage\":\"en-US\",\"potentialAction\":[{\"@type\":\"ReadAction\",\"target\":[\"https:\/\/www.vinsdevouvray.com\/en\/contact-vins-de-vouvray\/\"]}]},{\"@type\":\"BreadcrumbList\",\"@id\":\"https:\/\/www.vinsdevouvray.com\/en\/contact-vins-de-vouvray\/#breadcrumb\",\"itemListElement\":[{\"@type\":\"ListItem\",\"position\":1,\"name\":\"Accueil\",\"item\":\"https:\/\/www.vinsdevouvray.com\/en\/\"},{\"@type\":\"ListItem\",\"position\":2,\"name\":\"Contact\"}]}]}<\/script>\n<!-- \/ Yoast SEO plugin. -->","yoast_head_json":{"title":"~ Contact | Vins de Vouvray | Syndicate of Vouvray Vignerons","description":"Official website \u2705 If you have any questions about the Vins de Vouvray, please do not hesitate to contact us. Our winegrowers' union is at your disposal.","robots":{"index":"index","follow":"follow","max-snippet":"max-snippet:-1","max-image-preview":"max-image-preview:large","max-video-preview":"max-video-preview:-1"},"canonical":"https:\/\/www.vinsdevouvray.com\/en\/contact-vins-de-vouvray\/","og_locale":"en_US","og_type":"article","og_title":"~ Contact | Vins de Vouvray | Syndicate of Vouvray Vignerons","og_description":"Official website \u2705 If you have any questions about the Vins de Vouvray, please do not hesitate to contact us. Our winegrowers' union is at your disposal.","og_url":"https:\/\/www.vinsdevouvray.com\/en\/contact-vins-de-vouvray\/","og_site_name":"Vins de Vouvray","article_publisher":"https:\/\/fr-fr.facebook.com\/CepageCheninBlanc\/","article_modified_time":"2025-02-20T14:17:43+00:00","twitter_card":"summary_large_image","twitter_misc":{"Est. reading time":"1 minute"},"schema":{"@context":"https:\/\/schema.org","@graph":[{"@type":"Organization","@id":"https:\/\/www.vinsdevouvray.com\/#organization","name":"Vins de Vouvray","url":"https:\/\/www.vinsdevouvray.com\/","sameAs":["https:\/\/www.instagram.com\/vinsdevouvray_officiel\/?hl=fr","https:\/\/fr-fr.facebook.com\/CepageCheninBlanc\/"],"logo":{"@type":"ImageObject","inLanguage":"en-US","@id":"https:\/\/www.vinsdevouvray.com\/#\/schema\/logo\/image\/","url":"https:\/\/www.vinsdevouvray.com\/wp-content\/uploads\/2022\/06\/logo-vouvray-gold-white-300x87-1.png","contentUrl":"https:\/\/www.vinsdevouvray.com\/wp-content\/uploads\/2022\/06\/logo-vouvray-gold-white-300x87-1.png","width":300,"height":87,"caption":"Vins de Vouvray"},"image":{"@id":"https:\/\/www.vinsdevouvray.com\/#\/schema\/logo\/image\/"}},{"@type":"WebSite","@id":"https:\/\/www.vinsdevouvray.com\/#website","url":"https:\/\/www.vinsdevouvray.com\/","name":"Vins de Vouvray","description":"AOC Vouvray","publisher":{"@id":"https:\/\/www.vinsdevouvray.com\/#organization"},"potentialAction":[{"@type":"SearchAction","target":{"@type":"EntryPoint","urlTemplate":"https:\/\/www.vinsdevouvray.com\/?s={search_term_string}"},"query-input":"required name=search_term_string"}],"inLanguage":"en-US"},{"@type":"WebPage","@id":"https:\/\/www.vinsdevouvray.com\/en\/contact-vins-de-vouvray\/","url":"https:\/\/www.vinsdevouvray.com\/en\/contact-vins-de-vouvray\/","name":"~ Contact | Vins de Vouvray | Syndicate of Vouvray Vignerons","isPartOf":{"@id":"https:\/\/www.vinsdevouvray.com\/#website"},"datePublished":"2020-10-02T12:26:04+00:00","dateModified":"2025-02-20T14:17:43+00:00","description":"Official website \u2705 If you have any questions about the Vins de Vouvray, please do not hesitate to contact us. Our winegrowers' union is at your disposal.","breadcrumb":{"@id":"https:\/\/www.vinsdevouvray.com\/en\/contact-vins-de-vouvray\/#breadcrumb"},"inLanguage":"en-US","potentialAction":[{"@type":"ReadAction","target":["https:\/\/www.vinsdevouvray.com\/en\/contact-vins-de-vouvray\/"]}]},{"@type":"BreadcrumbList","@id":"https:\/\/www.vinsdevouvray.com\/en\/contact-vins-de-vouvray\/#breadcrumb","itemListElement":[{"@type":"ListItem","position":1,"name":"Accueil","item":"https:\/\/www.vinsdevouvray.com\/en\/"},{"@type":"ListItem","position":2,"name":"Contact"}]}]}},"_links":{"self":[{"href":"https:\/\/www.vinsdevouvray.com\/en\/wp-json\/wp\/v2\/pages\/7745"}],"collection":[{"href":"https:\/\/www.vinsdevouvray.com\/en\/wp-json\/wp\/v2\/pages"}],"about":[{"href":"https:\/\/www.vinsdevouvray.com\/en\/wp-json\/wp\/v2\/types\/page"}],"author":[{"embeddable":true,"href":"https:\/\/www.vinsdevouvray.com\/en\/wp-json\/wp\/v2\/users\/1"}],"replies":[{"embeddable":true,"href":"https:\/\/www.vinsdevouvray.com\/en\/wp-json\/wp\/v2\/comments?post=7745"}],"version-history":[{"count":24,"href":"https:\/\/www.vinsdevouvray.com\/en\/wp-json\/wp\/v2\/pages\/7745\/revisions"}],"predecessor-version":[{"id":13638,"href":"https:\/\/www.vinsdevouvray.com\/en\/wp-json\/wp\/v2\/pages\/7745\/revisions\/13638"}],"wp:attachment":[{"href":"https:\/\/www.vinsdevouvray.com\/en\/wp-json\/wp\/v2\/media?parent=7745"}],"curies":[{"name":"wp","href":"https:\/\/api.w.org\/{rel}","templated":true}]}}